{"id":104,"date":"2018-01-14T17:31:12","date_gmt":"2018-01-14T22:31:12","guid":{"rendered":"https:\/\/www.h2obiotech.com\/?page_id=104"},"modified":"2018-01-14T17:31:12","modified_gmt":"2018-01-14T22:31:12","slug":"filtration-et-separation","status":"publish","type":"page","link":"https:\/\/www.h2obiotech.com\/en\/filtration-et-separation\/","title":{"rendered":"FILTRATION ET S\u00c9PARATION"},"content":{"rendered":"<p><strong>FILTRATION ET S\u00c9PARATION<\/strong><\/p>\n<p>Types de syst\u00e8mes\u00a0:<\/p>\n<ul>\n<li>S\u00e9paration huiles-Eau<\/li>\n<li>S\u00e9paration produits de proc\u00e9d\u00e9s<\/li>\n<li>R\u00e9cup\u00e9ration de produits de proc\u00e9d\u00e9 industriels, pharma, cosm\u00e9tiques, miniers et autres.<\/li>\n<li>Pasteurisation froide par UF (Agriculture)<\/li>\n<li>Filtration de lixiviat<\/li>\n<li>S\u00e9paration\/filtration de rejets aqueux<\/li>\n<\/ul>\n<p>\u00c9quipements, Produits de Services\u00a0:<\/p>\n<ul>\n<li>\u00c9quipements \u00e9prouv\u00e9s et de pointes\n<ul>\n<li>Filtration de tous les types<\/li>\n<li>UF (Ultrafiltration)<\/li>\n<\/ul>\n<\/li>\n<\/ul>\n<ul>\n<li>CIP et Entretien de syst\u00e8me\n<ul>\n<li>\u00c9valuation de syst\u00e8mes<\/li>\n<li>R\u00e9solution de probl\u00e8mes (Troubleshooting)<\/li>\n<li>Recommandations<\/li>\n<li>Analyses et Interpr\u00e9tation de r\u00e9sultats d\u2019analyses<\/li>\n<\/ul>\n<\/li>\n<li>Conception de syst\u00e8mes<\/li>\n<li>Syst\u00e8mes pilotes \u2013 R\u00e9sultat garantis selon nos essais<\/li>\n<li>\u00c9criture de protocoles d\u2019op\u00e9ration (SOP)\n<ul>\n<li>Protocole d\u2019entretien<\/li>\n<li>Protocole de lavage<\/li>\n<li>Protocoles de d\u00e9contamination et d\u2019\u00e9chantillonnage<\/li>\n<li>Autres<\/li>\n<\/ul>\n<\/li>\n<\/ul>\n<ul>\n<li>Voir les autres sections compl\u00e9mentaires pour en savoir plus sur nos produits et services, et notre approche.<\/li>\n<\/ul>\n","protected":false},"excerpt":{"rendered":"<p>FILTRATION ET S\u00c9PARATION Types de syst\u00e8mes\u00a0: S\u00e9paration huiles-Eau S\u00e9paration produits de proc\u00e9d\u00e9s R\u00e9cup\u00e9ration de produits de proc\u00e9d\u00e9 industriels, pharma, cosm\u00e9tiques, miniers et autres. Pasteurisation froide par UF (Agriculture) Filtration de lixiviat S\u00e9paration\/filtration de rejets aqueux \u00c9quipements, Produits de Services\u00a0: \u00c9quipements <a href=\"https:\/\/www.h2obiotech.com\/en\/filtration-et-separation\/\"><\/p>\n<div class=\"read-more\">\n<p>Read more &#8250;<\/p>\n<\/div>\n<p><!-- end of .read-more --><\/a><\/p>\n","protected":false},"author":2,"featured_media":0,"parent":0,"menu_order":0,"comment_status":"closed","ping_status":"closed","template":"","meta":{"footnotes":""},"class_list":["post-104","page","type-page","status-publish","hentry"],"translation":{"provider":"WPGlobus","version":"3.0.2","language":"en","enabled_languages":["fr","en"],"languages":{"fr":{"title":true,"content":true,"excerpt":false},"en":{"title":false,"content":false,"excerpt":false}}},"_links":{"self":[{"href":"https:\/\/www.h2obiotech.com\/en\/wp-json\/wp\/v2\/pages\/104","targetHints":{"allow":["GET"]}}],"collection":[{"href":"https:\/\/www.h2obiotech.com\/en\/wp-json\/wp\/v2\/pages"}],"about":[{"href":"https:\/\/www.h2obiotech.com\/en\/wp-json\/wp\/v2\/types\/page"}],"author":[{"embeddable":true,"href":"https:\/\/www.h2obiotech.com\/en\/wp-json\/wp\/v2\/users\/2"}],"replies":[{"embeddable":true,"href":"https:\/\/www.h2obiotech.com\/en\/wp-json\/wp\/v2\/comments?post=104"}],"version-history":[{"count":2,"href":"https:\/\/www.h2obiotech.com\/en\/wp-json\/wp\/v2\/pages\/104\/revisions"}],"predecessor-version":[{"id":264,"href":"https:\/\/www.h2obiotech.com\/en\/wp-json\/wp\/v2\/pages\/104\/revisions\/264"}],"wp:attachment":[{"href":"https:\/\/www.h2obiotech.com\/en\/wp-json\/wp\/v2\/media?parent=104"}],"curies":[{"name":"wp","href":"https:\/\/api.w.org\/{rel}","templated":true}]}}